{"id":32,"date":"2025-08-20T22:02:47","date_gmt":"2025-08-20T20:02:47","guid":{"rendered":"http:\/\/www.rapidseidls.at\/cms\/?page_id=32"},"modified":"2026-04-12T12:00:14","modified_gmt":"2026-04-12T10:00:14","slug":"elementor-32","status":"publish","type":"page","link":"https:\/\/www.rapidseidls.at\/cms\/","title":{"rendered":"Startseite"},"content":{"rendered":"\t\t<div data-elementor-type=\"wp-page\" data-elementor-id=\"32\" class=\"elementor elementor-32\">\n\t\t\t\t<div class=\"elementor-element elementor-element-f3181ff e-flex e-con-boxed e-con e-parent\" data-id=\"f3181ff\" data-element_type=\"container\" data-e-type=\"container\">\n\t\t\t\t\t<div class=\"e-con-inner\">\n\t\t<div class=\"elementor-element elementor-element-97b8e9e e-con-full e-flex e-con e-child\" data-id=\"97b8e9e\" data-element_type=\"container\" data-e-type=\"container\">\n\t\t\t\t<div class=\"elementor-element elementor-element-7a80116 elementor-widget elementor-widget-image\" data-id=\"7a80116\" data-element_type=\"widget\" data-e-type=\"widget\" data-widget_type=\"image.default\">\n\t\t\t\t\t\t\t\t\t\t\t\t<figure class=\"wp-caption\">\n\t\t\t\t\t\t\t\t\t\t\t<a href=\"https:\/\/www.rapidseidls.at\/cms\/2026\/04\/12\/20260405\/\">\n\t\t\t\t\t\t\t<img fetchpriority=\"high\" decoding=\"async\" width=\"300\" height=\"225\" src=\"https:\/\/www.rapidseidls.at\/cms\/wp-content\/uploads\/2025\/10\/IMG-20260405-WA0016-300x225.jpg\" class=\"attachment-medium size-medium wp-image-2100\" alt=\"\" srcset=\"https:\/\/www.rapidseidls.at\/cms\/wp-content\/uploads\/2025\/10\/IMG-20260405-WA0016-300x225.jpg 300w, https:\/\/www.rapidseidls.at\/cms\/wp-content\/uploads\/2025\/10\/IMG-20260405-WA0016-1024x768.jpg 1024w, https:\/\/www.rapidseidls.at\/cms\/wp-content\/uploads\/2025\/10\/IMG-20260405-WA0016-768x576.jpg 768w, https:\/\/www.rapidseidls.at\/cms\/wp-content\/uploads\/2025\/10\/IMG-20260405-WA0016.jpg 1200w\" sizes=\"(max-width: 300px) 100vw, 300px\" \/>\t\t\t\t\t\t\t\t<\/a>\n\t\t\t\t\t\t\t\t\t\t\t<figcaption class=\"widget-image-caption wp-caption-text\">Wenig Chancen und unn\u00f6tige Tore kassiert<\/figcaption>\n\t\t\t\t\t\t\t\t\t\t<\/figure>\n\t\t\t\t\t\t\t\t\t<\/div>\n\t\t\t\t<\/div>\n\t\t<div class=\"elementor-element elementor-element-110e14e e-con-full e-flex e-con e-child\" data-id=\"110e14e\" data-element_type=\"container\" data-e-type=\"container\">\n\t\t\t\t<div class=\"elementor-element elementor-element-078bec2 elementor-widget elementor-widget-text-editor\" data-id=\"078bec2\" data-element_type=\"widget\" data-e-type=\"widget\" data-widget_type=\"text-editor.default\">\n\t\t\t\t\t\t\t\t\t<p><a href=\"https:\/\/www.rapidseidls.at\/cms\/2026\/04\/12\/20260405\/\"><span style=\"color: #008000;\">Gegen Sturm ist leider nicht mehr drin, die Tore ware unn\u00f6tig bis fragw\u00fcrdig.<\/span><\/a><\/p>\t\t\t\t\t\t\t\t<\/div>\n\t\t\t\t<\/div>\n\t\t<div class=\"elementor-element elementor-element-b8ed2e7 e-con-full e-flex e-con e-child\" data-id=\"b8ed2e7\" data-element_type=\"container\" data-e-type=\"container\">\n\t\t\t\t<div class=\"elementor-element elementor-element-d948e10 elementor-widget elementor-widget-image\" data-id=\"d948e10\" data-element_type=\"widget\" data-e-type=\"widget\" data-widget_type=\"image.default\">\n\t\t\t\t\t\t\t\t\t\t\t\t<figure class=\"wp-caption\">\n\t\t\t\t\t\t\t\t\t\t\t<a href=\"https:\/\/www.rapidseidls.at\/cms\/2026\/04\/04\/20260331\/\">\n\t\t\t\t\t\t\t<img decoding=\"async\" width=\"300\" height=\"200\" src=\"https:\/\/www.rapidseidls.at\/cms\/wp-content\/uploads\/2025\/12\/IMG-20260401-WA0024-300x200.jpg\" class=\"attachment-medium size-medium wp-image-2080\" alt=\"\" srcset=\"https:\/\/www.rapidseidls.at\/cms\/wp-content\/uploads\/2025\/12\/IMG-20260401-WA0024-300x200.jpg 300w, https:\/\/www.rapidseidls.at\/cms\/wp-content\/uploads\/2025\/12\/IMG-20260401-WA0024-1024x683.jpg 1024w, https:\/\/www.rapidseidls.at\/cms\/wp-content\/uploads\/2025\/12\/IMG-20260401-WA0024-768x512.jpg 768w, https:\/\/www.rapidseidls.at\/cms\/wp-content\/uploads\/2025\/12\/IMG-20260401-WA0024.jpg 1200w\" sizes=\"(max-width: 300px) 100vw, 300px\" \/>\t\t\t\t\t\t\t\t<\/a>\n\t\t\t\t\t\t\t\t\t\t\t<figcaption class=\"widget-image-caption wp-caption-text\">Weiterer Sieg f\u00fcr \u00d6sterreich.<\/figcaption>\n\t\t\t\t\t\t\t\t\t\t<\/figure>\n\t\t\t\t\t\t\t\t\t<\/div>\n\t\t\t\t<\/div>\n\t\t<div class=\"elementor-element elementor-element-3333d93 e-con-full e-flex e-con e-child\" data-id=\"3333d93\" data-element_type=\"container\" data-e-type=\"container\">\n\t\t\t\t<div class=\"elementor-element elementor-element-a123d29 elementor-widget elementor-widget-text-editor\" data-id=\"a123d29\" data-element_type=\"widget\" data-e-type=\"widget\" data-widget_type=\"text-editor.default\">\n\t\t\t\t\t\t\t\t\t<p><a href=\"https:\/\/www.rapidseidls.at\/cms\/2026\/04\/04\/20260331\/\"><span style=\"color: #ff0000;\">N\u00e4chster Sieg f\u00fcr das Nationalteam in der WM-Vorbereitung.<\/span><\/a><\/p>\t\t\t\t\t\t\t\t<\/div>\n\t\t\t\t<\/div>\n\t\t\t\t\t<\/div>\n\t\t\t\t<\/div>\n\t\t<div class=\"elementor-element elementor-element-b883b2e e-flex e-con-boxed e-con e-parent\" data-id=\"b883b2e\" data-element_type=\"container\" data-e-type=\"container\">\n\t\t\t\t\t<div class=\"e-con-inner\">\n\t\t<div class=\"elementor-element elementor-element-4c96140 e-con-full e-flex e-con e-child\" data-id=\"4c96140\" data-element_type=\"container\" data-e-type=\"container\">\n\t\t\t\t<div class=\"elementor-element elementor-element-5321e35 elementor-widget elementor-widget-image\" data-id=\"5321e35\" data-element_type=\"widget\" data-e-type=\"widget\" data-widget_type=\"image.default\">\n\t\t\t\t\t\t\t\t\t\t\t\t<figure class=\"wp-caption\">\n\t\t\t\t\t\t\t\t\t\t\t<a href=\"https:\/\/www.rapidseidls.at\/cms\/2026\/03\/29\/20260327\/\">\n\t\t\t\t\t\t\t<img decoding=\"async\" width=\"300\" height=\"200\" src=\"https:\/\/www.rapidseidls.at\/cms\/wp-content\/uploads\/2025\/12\/IMG-20260329-WA0021-300x200.jpg\" class=\"attachment-medium size-medium wp-image-2055\" alt=\"\" srcset=\"https:\/\/www.rapidseidls.at\/cms\/wp-content\/uploads\/2025\/12\/IMG-20260329-WA0021-300x200.jpg 300w, https:\/\/www.rapidseidls.at\/cms\/wp-content\/uploads\/2025\/12\/IMG-20260329-WA0021-1024x683.jpg 1024w, https:\/\/www.rapidseidls.at\/cms\/wp-content\/uploads\/2025\/12\/IMG-20260329-WA0021-768x512.jpg 768w, https:\/\/www.rapidseidls.at\/cms\/wp-content\/uploads\/2025\/12\/IMG-20260329-WA0021.jpg 1200w\" sizes=\"(max-width: 300px) 100vw, 300px\" \/>\t\t\t\t\t\t\t\t<\/a>\n\t\t\t\t\t\t\t\t\t\t\t<figcaption class=\"widget-image-caption wp-caption-text\">Die Vorbereitung l\u00e4uft wie gew\u00fcnscht.<\/figcaption>\n\t\t\t\t\t\t\t\t\t\t<\/figure>\n\t\t\t\t\t\t\t\t\t<\/div>\n\t\t\t\t<\/div>\n\t\t<div class=\"elementor-element elementor-element-0b169ff e-con-full e-flex e-con e-child\" data-id=\"0b169ff\" data-element_type=\"container\" data-e-type=\"container\">\n\t\t\t\t<div class=\"elementor-element elementor-element-bc4eb3e elementor-widget elementor-widget-text-editor\" data-id=\"bc4eb3e\" data-element_type=\"widget\" data-e-type=\"widget\" data-widget_type=\"text-editor.default\">\n\t\t\t\t\t\t\t\t\t<p><a href=\"https:\/\/www.rapidseidls.at\/cms\/2026\/03\/29\/20260327\/\"><span style=\"color: #ff0000;\">\u00d6sterreich gewinnt gegen Ghana klar mit 5:1 und hat Lust auf mehr.<\/span><\/a><\/p>\t\t\t\t\t\t\t\t<\/div>\n\t\t\t\t<\/div>\n\t\t<div class=\"elementor-element elementor-element-b70371e e-con-full e-flex e-con e-child\" data-id=\"b70371e\" data-element_type=\"container\" data-e-type=\"container\">\n\t\t\t\t<div class=\"elementor-element elementor-element-275c328 elementor-widget elementor-widget-image\" data-id=\"275c328\" data-element_type=\"widget\" data-e-type=\"widget\" data-widget_type=\"image.default\">\n\t\t\t\t\t\t\t\t\t\t\t\t<figure class=\"wp-caption\">\n\t\t\t\t\t\t\t\t\t\t\t<a href=\"https:\/\/www.rapidseidls.at\/cms\/2026\/03\/23\/20260322\/\">\n\t\t\t\t\t\t\t<img loading=\"lazy\" decoding=\"async\" width=\"300\" height=\"229\" src=\"https:\/\/www.rapidseidls.at\/cms\/wp-content\/uploads\/2025\/10\/IMG-20260322-WA0023-300x229.jpg\" class=\"attachment-medium size-medium wp-image-2027\" alt=\"\" srcset=\"https:\/\/www.rapidseidls.at\/cms\/wp-content\/uploads\/2025\/10\/IMG-20260322-WA0023-300x229.jpg 300w, https:\/\/www.rapidseidls.at\/cms\/wp-content\/uploads\/2025\/10\/IMG-20260322-WA0023-1024x780.jpg 1024w, https:\/\/www.rapidseidls.at\/cms\/wp-content\/uploads\/2025\/10\/IMG-20260322-WA0023-768x585.jpg 768w, https:\/\/www.rapidseidls.at\/cms\/wp-content\/uploads\/2025\/10\/IMG-20260322-WA0023.jpg 1200w\" sizes=\"(max-width: 300px) 100vw, 300px\" \/>\t\t\t\t\t\t\t\t<\/a>\n\t\t\t\t\t\t\t\t\t\t\t<figcaption class=\"widget-image-caption wp-caption-text\">N\u00e4chster Sieg l\u00e4sst Stimmung steigen.<\/figcaption>\n\t\t\t\t\t\t\t\t\t\t<\/figure>\n\t\t\t\t\t\t\t\t\t<\/div>\n\t\t\t\t<\/div>\n\t\t<div class=\"elementor-element elementor-element-d7c8cad e-con-full e-flex e-con e-child\" data-id=\"d7c8cad\" data-element_type=\"container\" data-e-type=\"container\">\n\t\t\t\t<div class=\"elementor-element elementor-element-49d9fe2 elementor-widget elementor-widget-text-editor\" data-id=\"49d9fe2\" data-element_type=\"widget\" data-e-type=\"widget\" data-widget_type=\"text-editor.default\">\n\t\t\t\t\t\t\t\t\t<p><a href=\"https:\/\/www.rapidseidls.at\/cms\/2026\/03\/23\/20260322\/\"><span style=\"color: #008000;\">Annehmbare Spielqualit\u00e4t trifft auf gutes Ergebnis. 4:2 Sieg gegen den Lask macht Lust auf mehr.<\/span><\/a><\/p>\t\t\t\t\t\t\t\t<\/div>\n\t\t\t\t<\/div>\n\t\t\t\t\t<\/div>\n\t\t\t\t<\/div>\n\t\t<div class=\"elementor-element elementor-element-b35fdba e-flex e-con-boxed e-con e-parent\" data-id=\"b35fdba\" data-element_type=\"container\" data-e-type=\"container\">\n\t\t\t\t\t<div class=\"e-con-inner\">\n\t\t<div class=\"elementor-element elementor-element-68db5a6 e-con-full e-flex e-con e-child\" data-id=\"68db5a6\" data-element_type=\"container\" data-e-type=\"container\">\n\t\t\t\t<div class=\"elementor-element elementor-element-5f540f7 elementor-widget elementor-widget-image\" data-id=\"5f540f7\" data-element_type=\"widget\" data-e-type=\"widget\" data-widget_type=\"image.default\">\n\t\t\t\t\t\t\t\t\t\t\t\t<figure class=\"wp-caption\">\n\t\t\t\t\t\t\t\t\t\t\t<a href=\"https:\/\/www.rapidseidls.at\/cms\/2026\/03\/21\/20260315\/\">\n\t\t\t\t\t\t\t<img loading=\"lazy\" decoding=\"async\" width=\"300\" height=\"225\" src=\"https:\/\/www.rapidseidls.at\/cms\/wp-content\/uploads\/2025\/10\/IMG-20260315-WA0008-300x225.jpg\" class=\"attachment-medium size-medium wp-image-1997\" alt=\"\" srcset=\"https:\/\/www.rapidseidls.at\/cms\/wp-content\/uploads\/2025\/10\/IMG-20260315-WA0008-300x225.jpg 300w, https:\/\/www.rapidseidls.at\/cms\/wp-content\/uploads\/2025\/10\/IMG-20260315-WA0008-1024x768.jpg 1024w, https:\/\/www.rapidseidls.at\/cms\/wp-content\/uploads\/2025\/10\/IMG-20260315-WA0008-768x576.jpg 768w, https:\/\/www.rapidseidls.at\/cms\/wp-content\/uploads\/2025\/10\/IMG-20260315-WA0008.jpg 1200w\" sizes=\"(max-width: 300px) 100vw, 300px\" \/>\t\t\t\t\t\t\t\t<\/a>\n\t\t\t\t\t\t\t\t\t\t\t<figcaption class=\"widget-image-caption wp-caption-text\">3 Punkte in Salzburg. Sch\u00f6n.<\/figcaption>\n\t\t\t\t\t\t\t\t\t\t<\/figure>\n\t\t\t\t\t\t\t\t\t<\/div>\n\t\t\t\t<\/div>\n\t\t<div class=\"elementor-element elementor-element-5e31470 e-con-full e-flex e-con e-child\" data-id=\"5e31470\" data-element_type=\"container\" data-e-type=\"container\">\n\t\t\t\t<div class=\"elementor-element elementor-element-5384811 elementor-widget elementor-widget-text-editor\" data-id=\"5384811\" data-element_type=\"widget\" data-e-type=\"widget\" data-widget_type=\"text-editor.default\">\n\t\t\t\t\t\t\t\t\t<p><a href=\"https:\/\/www.rapidseidls.at\/cms\/2026\/03\/21\/20260315\/\"><span style=\"color: #008000;\">Auch ausw\u00e4rts ein Sieg gegen Salzburg. Kein Ma\u00dfstab, aber ein Aufw\u00e4rtstrend ist erkennbar. Gut so, weiter so.<\/span><\/a><\/p>\t\t\t\t\t\t\t\t<\/div>\n\t\t\t\t<\/div>\n\t\t<div class=\"elementor-element elementor-element-11af844 e-con-full e-flex e-con e-child\" data-id=\"11af844\" data-element_type=\"container\" data-e-type=\"container\">\n\t\t\t\t<div class=\"elementor-element elementor-element-b40afd1 elementor-widget elementor-widget-image\" data-id=\"b40afd1\" data-element_type=\"widget\" data-e-type=\"widget\" data-widget_type=\"image.default\">\n\t\t\t\t\t\t\t\t\t\t\t\t<figure class=\"wp-caption\">\n\t\t\t\t\t\t\t\t\t\t\t<a href=\"https:\/\/www.rapidseidls.at\/cms\/2026\/03\/21\/20260308\/\">\n\t\t\t\t\t\t\t<img loading=\"lazy\" decoding=\"async\" width=\"300\" height=\"225\" src=\"https:\/\/www.rapidseidls.at\/cms\/wp-content\/uploads\/2025\/10\/IMG-20260308-WA0013-300x225.jpg\" class=\"attachment-medium size-medium wp-image-1980\" alt=\"\" srcset=\"https:\/\/www.rapidseidls.at\/cms\/wp-content\/uploads\/2025\/10\/IMG-20260308-WA0013-300x225.jpg 300w, https:\/\/www.rapidseidls.at\/cms\/wp-content\/uploads\/2025\/10\/IMG-20260308-WA0013-1024x768.jpg 1024w, https:\/\/www.rapidseidls.at\/cms\/wp-content\/uploads\/2025\/10\/IMG-20260308-WA0013-768x576.jpg 768w, https:\/\/www.rapidseidls.at\/cms\/wp-content\/uploads\/2025\/10\/IMG-20260308-WA0013.jpg 1200w\" sizes=\"(max-width: 300px) 100vw, 300px\" \/>\t\t\t\t\t\t\t\t<\/a>\n\t\t\t\t\t\t\t\t\t\t\t<figcaption class=\"widget-image-caption wp-caption-text\">Sieg gegen Salzburg mit Ach und Krach.<\/figcaption>\n\t\t\t\t\t\t\t\t\t\t<\/figure>\n\t\t\t\t\t\t\t\t\t<\/div>\n\t\t\t\t<\/div>\n\t\t<div class=\"elementor-element elementor-element-38fcdee e-con-full e-flex e-con e-child\" data-id=\"38fcdee\" data-element_type=\"container\" data-e-type=\"container\">\n\t\t\t\t<div class=\"elementor-element elementor-element-f6090f0 elementor-widget elementor-widget-text-editor\" data-id=\"f6090f0\" data-element_type=\"widget\" data-e-type=\"widget\" data-widget_type=\"text-editor.default\">\n\t\t\t\t\t\t\t\t\t<p><a href=\"https:\/\/www.rapidseidls.at\/cms\/2026\/03\/21\/20260308\/\"><span style=\"color: #008000;\">Kein Leckerbissen, aber wichtige 3 Punkte gegen Salzburg. Die nehmen wir.<\/span><\/a><\/p>\t\t\t\t\t\t\t\t<\/div>\n\t\t\t\t<\/div>\n\t\t\t\t\t<\/div>\n\t\t\t\t<\/div>\n\t\t\t\t<\/div>\n\t\t","protected":false},"excerpt":{"rendered":"<p>Wenig Chancen und unn\u00f6tige Tore kassiert Gegen Sturm ist leider nicht mehr drin, die Tore ware unn\u00f6tig bis fragw\u00fcrdig. Weiterer Sieg f\u00fcr \u00d6sterreich. N\u00e4chster Sieg f\u00fcr das Nationalteam in der WM-Vorbereitung. Die Vorbereitung l\u00e4uft wie gew\u00fcnscht. \u00d6sterreich gewinnt gegen Ghana klar mit 5:1 und hat Lust auf mehr. N\u00e4chster Sieg l\u00e4sst Stimmung steigen. Annehmbare Spielqualit\u00e4t &#8230; <a title=\"Startseite\" class=\"read-more\" href=\"https:\/\/www.rapidseidls.at\/cms\/\" aria-label=\"Mehr Informationen \u00fcber Startseite\">Weiterlesen<\/a><\/p>\n","protected":false},"author":2,"featured_media":0,"parent":0,"menu_order":0,"comment_status":"closed","ping_status":"closed","template":"","meta":{"footnotes":""},"class_list":["post-32","page","type-page","status-publish"],"_links":{"self":[{"href":"https:\/\/www.rapidseidls.at\/cms\/wp-json\/wp\/v2\/pages\/32","targetHints":{"allow":["GET"]}}],"collection":[{"href":"https:\/\/www.rapidseidls.at\/cms\/wp-json\/wp\/v2\/pages"}],"about":[{"href":"https:\/\/www.rapidseidls.at\/cms\/wp-json\/wp\/v2\/types\/page"}],"author":[{"embeddable":true,"href":"https:\/\/www.rapidseidls.at\/cms\/wp-json\/wp\/v2\/users\/2"}],"replies":[{"embeddable":true,"href":"https:\/\/www.rapidseidls.at\/cms\/wp-json\/wp\/v2\/comments?post=32"}],"version-history":[{"count":143,"href":"https:\/\/www.rapidseidls.at\/cms\/wp-json\/wp\/v2\/pages\/32\/revisions"}],"predecessor-version":[{"id":2116,"href":"https:\/\/www.rapidseidls.at\/cms\/wp-json\/wp\/v2\/pages\/32\/revisions\/2116"}],"wp:attachment":[{"href":"https:\/\/www.rapidseidls.at\/cms\/wp-json\/wp\/v2\/media?parent=32"}],"curies":[{"name":"wp","href":"https:\/\/api.w.org\/{rel}","templated":true}]}}